{"id":2233,"date":"2021-04-28T20:06:07","date_gmt":"2021-04-28T20:06:07","guid":{"rendered":"https:\/\/www.airkoe.nl\/projekte\/"},"modified":"2021-05-10T12:44:38","modified_gmt":"2021-05-10T12:44:38","slug":"projekte","status":"publish","type":"page","link":"https:\/\/www.airkoe.nl\/de\/projekte\/","title":{"rendered":"Projekte"},"content":{"rendered":"<p>[vc_row el_class=&#8220;footer-call&#8220; css=&#8220;.vc_custom_1614690293376{margin-right: 0px !important;margin-left: 0px !important;}&#8220;][vc_column][vc_row_inner el_class=&#8220;container&#8220;][vc_column_inner width=&#8220;2\/3&#8243;][vc_custom_heading text=&#8220;Komplette Renovierungs- und Neubauprojekte&#8220; font_container=&#8220;tag:h2|font_size:48px|text_align:left|color:%23f1f1f1|line_height:64px&#8220; google_fonts=&#8220;font_family:Playfair%20Display%3Aregular%2Citalic%2C700%2C700italic%2C900%2C900italic|font_style:900%20bold%20regular%3A900%3Anormal&#8220;][\/vc_column_inner][vc_column_inner width=&#8220;1\/3&#8243;][vc_btn title=&#8220;Direkten Kontakt&#8220; el_class=&#8220;custom-btn&#8220; link=&#8220;url:https%3A%2F%2Fwww.airkoe.nl%2Fde%2Fkontakt%2F|||&#8220;][\/vc_column_inner][\/vc_row_inner][\/vc_column][\/vc_row]<\/p>\n","protected":false},"excerpt":{"rendered":"<p>[vc_row el_class=&#8220;footer-call&#8220; css=&#8220;.vc_custom_1614690293376{margin-right: 0px !important;margin-left: 0px !important;}&#8220;][vc_column][vc_row_inner el_class=&#8220;container&#8220;][vc_column_inner width=&#8220;2\/3&#8243;][vc_custom_heading text=&#8220;Komplette Renovierungs- und Neubauprojekte&#8220; font_container=&#8220;tag:h2|font_size:48px|text_align:left|color:%23f1f1f1|line_height:64px&#8220; google_fonts=&#8220;font_family:Playfair%20Display%3Aregular%2Citalic%2C700%2C700italic%2C900%2C900italic|font_style:900%20bold%20regular%3A900%3Anormal&#8220;][\/vc_column_inner][vc_column_inner width=&#8220;1\/3&#8243;][vc_btn title=&#8220;Direkten Kontakt&#8220; el_class=&#8220;custom-btn&#8220; link=&#8220;url:https%3A%2F%2Fwww.airkoe.nl%2Fde%2Fkontakt%2F|||&#8220;][\/vc_column_inner][\/vc_row_inner][\/vc_column][\/vc_row]<\/p>\n","protected":false},"author":1,"featured_media":0,"parent":0,"menu_order":0,"comment_status":"closed","ping_status":"closed","template":"projecten.php","meta":{"inline_featured_image":false,"footnotes":""},"class_list":["post-2233","page","type-page","status-publish","hentry","entry"],"yoast_head":"<!-- This site is optimized with the Yoast SEO plugin v22.4 - https:\/\/yoast.com\/wordpress\/plugins\/seo\/ -->\n<title>Projekte - Airkoe<\/title>\n<meta name=\"description\" content=\"Sehen Sie sich abgeschlossene Projekte von Airkoe an, einem Experten f\u00fcr stabile Vorh\u00e4nge, L\u00fcftungskanten und T\u00fcrsysteme. Geringer Wartungsaufwand und 2 Jahre Garantie.\" \/>\n<meta name=\"robots\" content=\"index, follow, max-snippet:-1, max-image-preview:large, max-video-preview:-1\" \/>\n<link rel=\"canonical\" href=\"https:\/\/www.airkoe.nl\/de\/projekte\/\" \/>\n<meta property=\"og:locale\" content=\"de_DE\" \/>\n<meta property=\"og:type\" content=\"article\" \/>\n<meta property=\"og:title\" content=\"Projekte - Airkoe\" \/>\n<meta property=\"og:description\" content=\"Sehen Sie sich abgeschlossene Projekte von Airkoe an, einem Experten f\u00fcr stabile Vorh\u00e4nge, L\u00fcftungskanten und T\u00fcrsysteme. Geringer Wartungsaufwand und 2 Jahre Garantie.\" \/>\n<meta property=\"og:url\" content=\"https:\/\/www.airkoe.nl\/de\/projekte\/\" \/>\n<meta property=\"og:site_name\" content=\"Airkoe\" \/>\n<meta property=\"article:modified_time\" content=\"2021-05-10T12:44:38+00:00\" \/>\n<meta name=\"twitter:card\" content=\"summary_large_image\" \/>\n<meta name=\"twitter:label1\" content=\"Gesch\u00e4tzte Lesezeit\" \/>\n\t<meta name=\"twitter:data1\" content=\"1\u00a0Minute\" \/>\n<script type=\"application\/ld+json\" class=\"yoast-schema-graph\">{\"@context\":\"https:\/\/schema.org\",\"@graph\":[{\"@type\":\"WebPage\",\"@id\":\"https:\/\/www.airkoe.nl\/de\/projekte\/\",\"url\":\"https:\/\/www.airkoe.nl\/de\/projekte\/\",\"name\":\"Projekte - Airkoe\",\"isPartOf\":{\"@id\":\"https:\/\/www.airkoe.nl\/#website\"},\"datePublished\":\"2021-04-28T20:06:07+00:00\",\"dateModified\":\"2021-05-10T12:44:38+00:00\",\"description\":\"Sehen Sie sich abgeschlossene Projekte von Airkoe an, einem Experten f\u00fcr stabile Vorh\u00e4nge, L\u00fcftungskanten und T\u00fcrsysteme. Geringer Wartungsaufwand und 2 Jahre Garantie.\",\"breadcrumb\":{\"@id\":\"https:\/\/www.airkoe.nl\/de\/projekte\/#breadcrumb\"},\"inLanguage\":\"de\",\"potentialAction\":[{\"@type\":\"ReadAction\",\"target\":[\"https:\/\/www.airkoe.nl\/de\/projekte\/\"]}]},{\"@type\":\"BreadcrumbList\",\"@id\":\"https:\/\/www.airkoe.nl\/de\/projekte\/#breadcrumb\",\"itemListElement\":[{\"@type\":\"ListItem\",\"position\":1,\"name\":\"Home\",\"item\":\"https:\/\/www.airkoe.nl\/de\/\"},{\"@type\":\"ListItem\",\"position\":2,\"name\":\"Projekte\"}]},{\"@type\":\"WebSite\",\"@id\":\"https:\/\/www.airkoe.nl\/#website\",\"url\":\"https:\/\/www.airkoe.nl\/\",\"name\":\"Airkoe\",\"description\":\"Expert in stalgordijnen, ventilatienokken en deursystemen\",\"publisher\":{\"@id\":\"https:\/\/www.airkoe.nl\/#organization\"},\"potentialAction\":[{\"@type\":\"SearchAction\",\"target\":{\"@type\":\"EntryPoint\",\"urlTemplate\":\"https:\/\/www.airkoe.nl\/?s={search_term_string}\"},\"query-input\":\"required name=search_term_string\"}],\"inLanguage\":\"de\"},{\"@type\":\"Organization\",\"@id\":\"https:\/\/www.airkoe.nl\/#organization\",\"name\":\"Airkoe\",\"url\":\"https:\/\/www.airkoe.nl\/\",\"logo\":{\"@type\":\"ImageObject\",\"inLanguage\":\"de\",\"@id\":\"https:\/\/www.airkoe.nl\/#\/schema\/logo\/image\/\",\"url\":\"https:\/\/www.airkoe.nl\/wp-content\/uploads\/2021\/03\/logo-airkoe-2021.png\",\"contentUrl\":\"https:\/\/www.airkoe.nl\/wp-content\/uploads\/2021\/03\/logo-airkoe-2021.png\",\"width\":276,\"height\":78,\"caption\":\"Airkoe\"},\"image\":{\"@id\":\"https:\/\/www.airkoe.nl\/#\/schema\/logo\/image\/\"}}]}<\/script>\n<!-- \/ Yoast SEO plugin. -->","yoast_head_json":{"title":"Projekte - Airkoe","description":"Sehen Sie sich abgeschlossene Projekte von Airkoe an, einem Experten f\u00fcr stabile Vorh\u00e4nge, L\u00fcftungskanten und T\u00fcrsysteme. Geringer Wartungsaufwand und 2 Jahre Garantie.","robots":{"index":"index","follow":"follow","max-snippet":"max-snippet:-1","max-image-preview":"max-image-preview:large","max-video-preview":"max-video-preview:-1"},"canonical":"https:\/\/www.airkoe.nl\/de\/projekte\/","og_locale":"de_DE","og_type":"article","og_title":"Projekte - Airkoe","og_description":"Sehen Sie sich abgeschlossene Projekte von Airkoe an, einem Experten f\u00fcr stabile Vorh\u00e4nge, L\u00fcftungskanten und T\u00fcrsysteme. Geringer Wartungsaufwand und 2 Jahre Garantie.","og_url":"https:\/\/www.airkoe.nl\/de\/projekte\/","og_site_name":"Airkoe","article_modified_time":"2021-05-10T12:44:38+00:00","twitter_card":"summary_large_image","twitter_misc":{"Gesch\u00e4tzte Lesezeit":"1\u00a0Minute"},"schema":{"@context":"https:\/\/schema.org","@graph":[{"@type":"WebPage","@id":"https:\/\/www.airkoe.nl\/de\/projekte\/","url":"https:\/\/www.airkoe.nl\/de\/projekte\/","name":"Projekte - Airkoe","isPartOf":{"@id":"https:\/\/www.airkoe.nl\/#website"},"datePublished":"2021-04-28T20:06:07+00:00","dateModified":"2021-05-10T12:44:38+00:00","description":"Sehen Sie sich abgeschlossene Projekte von Airkoe an, einem Experten f\u00fcr stabile Vorh\u00e4nge, L\u00fcftungskanten und T\u00fcrsysteme. Geringer Wartungsaufwand und 2 Jahre Garantie.","breadcrumb":{"@id":"https:\/\/www.airkoe.nl\/de\/projekte\/#breadcrumb"},"inLanguage":"de","potentialAction":[{"@type":"ReadAction","target":["https:\/\/www.airkoe.nl\/de\/projekte\/"]}]},{"@type":"BreadcrumbList","@id":"https:\/\/www.airkoe.nl\/de\/projekte\/#breadcrumb","itemListElement":[{"@type":"ListItem","position":1,"name":"Home","item":"https:\/\/www.airkoe.nl\/de\/"},{"@type":"ListItem","position":2,"name":"Projekte"}]},{"@type":"WebSite","@id":"https:\/\/www.airkoe.nl\/#website","url":"https:\/\/www.airkoe.nl\/","name":"Airkoe","description":"Expert in stalgordijnen, ventilatienokken en deursystemen","publisher":{"@id":"https:\/\/www.airkoe.nl\/#organization"},"potentialAction":[{"@type":"SearchAction","target":{"@type":"EntryPoint","urlTemplate":"https:\/\/www.airkoe.nl\/?s={search_term_string}"},"query-input":"required name=search_term_string"}],"inLanguage":"de"},{"@type":"Organization","@id":"https:\/\/www.airkoe.nl\/#organization","name":"Airkoe","url":"https:\/\/www.airkoe.nl\/","logo":{"@type":"ImageObject","inLanguage":"de","@id":"https:\/\/www.airkoe.nl\/#\/schema\/logo\/image\/","url":"https:\/\/www.airkoe.nl\/wp-content\/uploads\/2021\/03\/logo-airkoe-2021.png","contentUrl":"https:\/\/www.airkoe.nl\/wp-content\/uploads\/2021\/03\/logo-airkoe-2021.png","width":276,"height":78,"caption":"Airkoe"},"image":{"@id":"https:\/\/www.airkoe.nl\/#\/schema\/logo\/image\/"}}]}},"_links":{"self":[{"href":"https:\/\/www.airkoe.nl\/de\/wp-json\/wp\/v2\/pages\/2233","targetHints":{"allow":["GET"]}}],"collection":[{"href":"https:\/\/www.airkoe.nl\/de\/wp-json\/wp\/v2\/pages"}],"about":[{"href":"https:\/\/www.airkoe.nl\/de\/wp-json\/wp\/v2\/types\/page"}],"author":[{"embeddable":true,"href":"https:\/\/www.airkoe.nl\/de\/wp-json\/wp\/v2\/users\/1"}],"replies":[{"embeddable":true,"href":"https:\/\/www.airkoe.nl\/de\/wp-json\/wp\/v2\/comments?post=2233"}],"version-history":[{"count":3,"href":"https:\/\/www.airkoe.nl\/de\/wp-json\/wp\/v2\/pages\/2233\/revisions"}],"predecessor-version":[{"id":2387,"href":"https:\/\/www.airkoe.nl\/de\/wp-json\/wp\/v2\/pages\/2233\/revisions\/2387"}],"wp:attachment":[{"href":"https:\/\/www.airkoe.nl\/de\/wp-json\/wp\/v2\/media?parent=2233"}],"curies":[{"name":"wp","href":"https:\/\/api.w.org\/{rel}","templated":true}]}}