{"id":2230,"date":"2021-04-28T20:04:20","date_gmt":"2021-04-28T20:04:20","guid":{"rendered":"https:\/\/www.airkoe.nl\/projets\/"},"modified":"2021-05-10T12:44:23","modified_gmt":"2021-05-10T12:44:23","slug":"projets","status":"publish","type":"page","link":"https:\/\/www.airkoe.nl\/fr\/projets\/","title":{"rendered":"Projets"},"content":{"rendered":"<p>[vc_row el_class=\u00a0\u00bbfooter-call\u00a0\u00bb css=\u00a0\u00bb.vc_custom_1614690293376{margin-right: 0px !important;margin-left: 0px !important;}\u00a0\u00bb][vc_column][vc_row_inner el_class=\u00a0\u00bbcontainer\u00a0\u00bb][vc_column_inner width=\u00a0\u00bb2\/3&Prime;][vc_custom_heading text=\u00a0\u00bbProjets de r\u00e9novation compl\u00e8te et de nouvelles constructions\u00a0\u00bb font_container=\u00a0\u00bbtag:h2|font_size:48px|text_align:left|color:%23f1f1f1|line_height:64px\u00a0\u00bb google_fonts=\u00a0\u00bbfont_family:Playfair%20Display%3Aregular%2Citalic%2C700%2C700italic%2C900%2C900italic|font_style:900%20bold%20regular%3A900%3Anormal\u00a0\u00bb][\/vc_column_inner][vc_column_inner width=\u00a0\u00bb1\/3&Prime;][vc_btn title=\u00a0\u00bbDirect contact\u00a0\u00bb el_class=\u00a0\u00bbcustom-btn\u00a0\u00bb link=\u00a0\u00bburl:https%3A%2F%2Fwww.airkoe.nl%2Ffr%2Fcontacts%2F|||\u00a0\u00bb][\/vc_column_inner][\/vc_row_inner][\/vc_column][\/vc_row]<\/p>\n","protected":false},"excerpt":{"rendered":"<p>[vc_row el_class=\u00a0\u00bbfooter-call\u00a0\u00bb css=\u00a0\u00bb.vc_custom_1614690293376{margin-right: 0px !important;margin-left: 0px !important;}\u00a0\u00bb][vc_column][vc_row_inner el_class=\u00a0\u00bbcontainer\u00a0\u00bb][vc_column_inner width=\u00a0\u00bb2\/3&Prime;][vc_custom_heading text=\u00a0\u00bbProjets de r\u00e9novation compl\u00e8te et de nouvelles constructions\u00a0\u00bb font_container=\u00a0\u00bbtag:h2|font_size:48px|text_align:left|color:%23f1f1f1|line_height:64px\u00a0\u00bb google_fonts=\u00a0\u00bbfont_family:Playfair%20Display%3Aregular%2Citalic%2C700%2C700italic%2C900%2C900italic|font_style:900%20bold%20regular%3A900%3Anormal\u00a0\u00bb][\/vc_column_inner][vc_column_inner width=\u00a0\u00bb1\/3&Prime;][vc_btn title=\u00a0\u00bbDirect contact\u00a0\u00bb el_class=\u00a0\u00bbcustom-btn\u00a0\u00bb link=\u00a0\u00bburl:https%3A%2F%2Fwww.airkoe.nl%2Ffr%2Fcontacts%2F|||\u00a0\u00bb][\/vc_column_inner][\/vc_row_inner][\/vc_column][\/vc_row]<\/p>\n","protected":false},"author":1,"featured_media":0,"parent":0,"menu_order":0,"comment_status":"closed","ping_status":"closed","template":"projecten.php","meta":{"inline_featured_image":false,"footnotes":""},"class_list":["post-2230","page","type-page","status-publish","hentry","entry"],"yoast_head":"<!-- This site is optimized with the Yoast SEO plugin v22.4 - https:\/\/yoast.com\/wordpress\/plugins\/seo\/ -->\n<title>Projets - Airkoe<\/title>\n<meta name=\"description\" content=\"Voir les projets r\u00e9alis\u00e9s par Airkoe, expert en rideaux stables, ar\u00eates de ventilation et syst\u00e8mes de portes. Faible entretien et garantie de 2 ans.\" \/>\n<meta name=\"robots\" content=\"index, follow, max-snippet:-1, max-image-preview:large, max-video-preview:-1\" \/>\n<link rel=\"canonical\" href=\"https:\/\/www.airkoe.nl\/fr\/projets\/\" \/>\n<meta property=\"og:locale\" content=\"fr_FR\" \/>\n<meta property=\"og:type\" content=\"article\" \/>\n<meta property=\"og:title\" content=\"Projets - Airkoe\" \/>\n<meta property=\"og:description\" content=\"Voir les projets r\u00e9alis\u00e9s par Airkoe, expert en rideaux stables, ar\u00eates de ventilation et syst\u00e8mes de portes. Faible entretien et garantie de 2 ans.\" \/>\n<meta property=\"og:url\" content=\"https:\/\/www.airkoe.nl\/fr\/projets\/\" \/>\n<meta property=\"og:site_name\" content=\"Airkoe\" \/>\n<meta property=\"article:modified_time\" content=\"2021-05-10T12:44:23+00:00\" \/>\n<meta name=\"twitter:card\" content=\"summary_large_image\" \/>\n<meta name=\"twitter:label1\" content=\"Dur\u00e9e de lecture estim\u00e9e\" \/>\n\t<meta name=\"twitter:data1\" content=\"1 minute\" \/>\n<script type=\"application\/ld+json\" class=\"yoast-schema-graph\">{\"@context\":\"https:\/\/schema.org\",\"@graph\":[{\"@type\":\"WebPage\",\"@id\":\"https:\/\/www.airkoe.nl\/fr\/projets\/\",\"url\":\"https:\/\/www.airkoe.nl\/fr\/projets\/\",\"name\":\"Projets - Airkoe\",\"isPartOf\":{\"@id\":\"https:\/\/www.airkoe.nl\/#website\"},\"datePublished\":\"2021-04-28T20:04:20+00:00\",\"dateModified\":\"2021-05-10T12:44:23+00:00\",\"description\":\"Voir les projets r\u00e9alis\u00e9s par Airkoe, expert en rideaux stables, ar\u00eates de ventilation et syst\u00e8mes de portes. Faible entretien et garantie de 2 ans.\",\"breadcrumb\":{\"@id\":\"https:\/\/www.airkoe.nl\/fr\/projets\/#breadcrumb\"},\"inLanguage\":\"fr-FR\",\"potentialAction\":[{\"@type\":\"ReadAction\",\"target\":[\"https:\/\/www.airkoe.nl\/fr\/projets\/\"]}]},{\"@type\":\"BreadcrumbList\",\"@id\":\"https:\/\/www.airkoe.nl\/fr\/projets\/#breadcrumb\",\"itemListElement\":[{\"@type\":\"ListItem\",\"position\":1,\"name\":\"Home\",\"item\":\"https:\/\/www.airkoe.nl\/fr\/\"},{\"@type\":\"ListItem\",\"position\":2,\"name\":\"Projets\"}]},{\"@type\":\"WebSite\",\"@id\":\"https:\/\/www.airkoe.nl\/#website\",\"url\":\"https:\/\/www.airkoe.nl\/\",\"name\":\"Airkoe\",\"description\":\"Expert in stalgordijnen, ventilatienokken en deursystemen\",\"publisher\":{\"@id\":\"https:\/\/www.airkoe.nl\/#organization\"},\"potentialAction\":[{\"@type\":\"SearchAction\",\"target\":{\"@type\":\"EntryPoint\",\"urlTemplate\":\"https:\/\/www.airkoe.nl\/?s={search_term_string}\"},\"query-input\":\"required name=search_term_string\"}],\"inLanguage\":\"fr-FR\"},{\"@type\":\"Organization\",\"@id\":\"https:\/\/www.airkoe.nl\/#organization\",\"name\":\"Airkoe\",\"url\":\"https:\/\/www.airkoe.nl\/\",\"logo\":{\"@type\":\"ImageObject\",\"inLanguage\":\"fr-FR\",\"@id\":\"https:\/\/www.airkoe.nl\/#\/schema\/logo\/image\/\",\"url\":\"https:\/\/www.airkoe.nl\/wp-content\/uploads\/2021\/03\/logo-airkoe-2021.png\",\"contentUrl\":\"https:\/\/www.airkoe.nl\/wp-content\/uploads\/2021\/03\/logo-airkoe-2021.png\",\"width\":276,\"height\":78,\"caption\":\"Airkoe\"},\"image\":{\"@id\":\"https:\/\/www.airkoe.nl\/#\/schema\/logo\/image\/\"}}]}<\/script>\n<!-- \/ Yoast SEO plugin. -->","yoast_head_json":{"title":"Projets - Airkoe","description":"Voir les projets r\u00e9alis\u00e9s par Airkoe, expert en rideaux stables, ar\u00eates de ventilation et syst\u00e8mes de portes. Faible entretien et garantie de 2 ans.","robots":{"index":"index","follow":"follow","max-snippet":"max-snippet:-1","max-image-preview":"max-image-preview:large","max-video-preview":"max-video-preview:-1"},"canonical":"https:\/\/www.airkoe.nl\/fr\/projets\/","og_locale":"fr_FR","og_type":"article","og_title":"Projets - Airkoe","og_description":"Voir les projets r\u00e9alis\u00e9s par Airkoe, expert en rideaux stables, ar\u00eates de ventilation et syst\u00e8mes de portes. Faible entretien et garantie de 2 ans.","og_url":"https:\/\/www.airkoe.nl\/fr\/projets\/","og_site_name":"Airkoe","article_modified_time":"2021-05-10T12:44:23+00:00","twitter_card":"summary_large_image","twitter_misc":{"Dur\u00e9e de lecture estim\u00e9e":"1 minute"},"schema":{"@context":"https:\/\/schema.org","@graph":[{"@type":"WebPage","@id":"https:\/\/www.airkoe.nl\/fr\/projets\/","url":"https:\/\/www.airkoe.nl\/fr\/projets\/","name":"Projets - Airkoe","isPartOf":{"@id":"https:\/\/www.airkoe.nl\/#website"},"datePublished":"2021-04-28T20:04:20+00:00","dateModified":"2021-05-10T12:44:23+00:00","description":"Voir les projets r\u00e9alis\u00e9s par Airkoe, expert en rideaux stables, ar\u00eates de ventilation et syst\u00e8mes de portes. Faible entretien et garantie de 2 ans.","breadcrumb":{"@id":"https:\/\/www.airkoe.nl\/fr\/projets\/#breadcrumb"},"inLanguage":"fr-FR","potentialAction":[{"@type":"ReadAction","target":["https:\/\/www.airkoe.nl\/fr\/projets\/"]}]},{"@type":"BreadcrumbList","@id":"https:\/\/www.airkoe.nl\/fr\/projets\/#breadcrumb","itemListElement":[{"@type":"ListItem","position":1,"name":"Home","item":"https:\/\/www.airkoe.nl\/fr\/"},{"@type":"ListItem","position":2,"name":"Projets"}]},{"@type":"WebSite","@id":"https:\/\/www.airkoe.nl\/#website","url":"https:\/\/www.airkoe.nl\/","name":"Airkoe","description":"Expert in stalgordijnen, ventilatienokken en deursystemen","publisher":{"@id":"https:\/\/www.airkoe.nl\/#organization"},"potentialAction":[{"@type":"SearchAction","target":{"@type":"EntryPoint","urlTemplate":"https:\/\/www.airkoe.nl\/?s={search_term_string}"},"query-input":"required name=search_term_string"}],"inLanguage":"fr-FR"},{"@type":"Organization","@id":"https:\/\/www.airkoe.nl\/#organization","name":"Airkoe","url":"https:\/\/www.airkoe.nl\/","logo":{"@type":"ImageObject","inLanguage":"fr-FR","@id":"https:\/\/www.airkoe.nl\/#\/schema\/logo\/image\/","url":"https:\/\/www.airkoe.nl\/wp-content\/uploads\/2021\/03\/logo-airkoe-2021.png","contentUrl":"https:\/\/www.airkoe.nl\/wp-content\/uploads\/2021\/03\/logo-airkoe-2021.png","width":276,"height":78,"caption":"Airkoe"},"image":{"@id":"https:\/\/www.airkoe.nl\/#\/schema\/logo\/image\/"}}]}},"_links":{"self":[{"href":"https:\/\/www.airkoe.nl\/fr\/wp-json\/wp\/v2\/pages\/2230","targetHints":{"allow":["GET"]}}],"collection":[{"href":"https:\/\/www.airkoe.nl\/fr\/wp-json\/wp\/v2\/pages"}],"about":[{"href":"https:\/\/www.airkoe.nl\/fr\/wp-json\/wp\/v2\/types\/page"}],"author":[{"embeddable":true,"href":"https:\/\/www.airkoe.nl\/fr\/wp-json\/wp\/v2\/users\/1"}],"replies":[{"embeddable":true,"href":"https:\/\/www.airkoe.nl\/fr\/wp-json\/wp\/v2\/comments?post=2230"}],"version-history":[{"count":3,"href":"https:\/\/www.airkoe.nl\/fr\/wp-json\/wp\/v2\/pages\/2230\/revisions"}],"predecessor-version":[{"id":2388,"href":"https:\/\/www.airkoe.nl\/fr\/wp-json\/wp\/v2\/pages\/2230\/revisions\/2388"}],"wp:attachment":[{"href":"https:\/\/www.airkoe.nl\/fr\/wp-json\/wp\/v2\/media?parent=2230"}],"curies":[{"name":"wp","href":"https:\/\/api.w.org\/{rel}","templated":true}]}}